
{"id":15,"date":"2018-06-26T12:33:18","date_gmt":"2018-06-26T10:33:18","guid":{"rendered":"https:\/\/przedszkole122.edu.wroclaw.pl\/?page_id=15"},"modified":"2024-06-10T09:26:05","modified_gmt":"2024-06-10T07:26:05","slug":"glowna","status":"publish","type":"page","link":"https:\/\/przedszkole122.edu.wroclaw.pl\/","title":{"rendered":"G\u0142\u00f3wna"},"content":{"rendered":"<div class=\"wpb-content-wrapper\"><p>[vc_row][vc_column][rev_slider_vc alias=&#8221;sliderp122&#8243;][vc_column_text css=&#8221;&#8221;]<\/p>\n<h2 style=\"text-align: center;\">WESO\u0141A GROMADKA WITA WESO\u0141O !!!<\/h2>\n<h2 style=\"text-align: center;\">Witamy serdecznie na stronie Przedszkola nr 122 WESO\u0141A GROMADKA.<\/h2>\n<h2 style=\"text-align: center;\">Pragniemy&nbsp; Pa\u0144stwu nieco przybli\u017cy\u0107 nasz\u0105 plac\u00f3wk\u0119. Pokaza\u0107 co si\u0119 u nas dzieje, jak poznajemy \u015bwiat, jak si\u0119 rozwijamy \ud83d\ude42<\/h2>\n<h2 style=\"text-align: center;\">Zapraszamy serdecznie:)<\/h2>\n<h2 style=\"text-align: center;\">Prosz\u0119 si\u0119 rozgo\u015bci\u0107 \ud83d\ude42<\/h2>\n<p>[\/vc_column_text][\/vc_column][\/vc_row]<\/p>\n<\/div>","protected":false},"excerpt":{"rendered":"<p>[vc_row][vc_column][rev_slider_vc alias=&#8221;sliderp122&#8243;][vc_column_text css=&#8221;&#8221;] WESO\u0141A GROMADKA WITA WESO\u0141O !!! Witamy serdecznie na stronie Przedszkola nr 122 WESO\u0141A GROMADKA. Pragniemy&nbsp; Pa\u0144stwu nieco przybli\u017cy\u0107 nasz\u0105 plac\u00f3wk\u0119. Pokaza\u0107 co si\u0119 u nas dzieje, jak [&hellip;]<\/p>\n","protected":false},"author":15,"featured_media":0,"parent":0,"menu_order":0,"comment_status":"closed","ping_status":"closed","template":"","meta":{"ngg_post_thumbnail":0,"footnotes":""},"class_list":["post-15","page","type-page","status-publish","hentry","clearfix"],"_links":{"self":[{"href":"https:\/\/przedszkole122.edu.wroclaw.pl\/index.php\/wp-json\/wp\/v2\/pages\/15","targetHints":{"allow":["GET"]}}],"collection":[{"href":"https:\/\/przedszkole122.edu.wroclaw.pl\/index.php\/wp-json\/wp\/v2\/pages"}],"about":[{"href":"https:\/\/przedszkole122.edu.wroclaw.pl\/index.php\/wp-json\/wp\/v2\/types\/page"}],"author":[{"embeddable":true,"href":"https:\/\/przedszkole122.edu.wroclaw.pl\/index.php\/wp-json\/wp\/v2\/users\/15"}],"replies":[{"embeddable":true,"href":"https:\/\/przedszkole122.edu.wroclaw.pl\/index.php\/wp-json\/wp\/v2\/comments?post=15"}],"version-history":[{"count":123,"href":"https:\/\/przedszkole122.edu.wroclaw.pl\/index.php\/wp-json\/wp\/v2\/pages\/15\/revisions"}],"predecessor-version":[{"id":1993,"href":"https:\/\/przedszkole122.edu.wroclaw.pl\/index.php\/wp-json\/wp\/v2\/pages\/15\/revisions\/1993"}],"wp:attachment":[{"href":"https:\/\/przedszkole122.edu.wroclaw.pl\/index.php\/wp-json\/wp\/v2\/media?parent=15"}],"curies":[{"name":"wp","href":"https:\/\/api.w.org\/{rel}","templated":true}]}}