
{"id":36,"date":"2018-07-09T14:52:07","date_gmt":"2018-07-09T12:52:07","guid":{"rendered":"https:\/\/przedszkole122.edu.wroclaw.pl\/?page_id=36"},"modified":"2024-06-25T12:33:50","modified_gmt":"2024-06-25T10:33:50","slug":"zadania-dla-przedszkolakow","status":"publish","type":"page","link":"https:\/\/przedszkole122.edu.wroclaw.pl\/index.php\/strefa-dziecka\/zadania-dla-przedszkolakow\/","title":{"rendered":"zadania dla przedszkolak\u00f3w"},"content":{"rendered":"<div class=\"wpb-content-wrapper\"><p>[vc_row][vc_column][vc_column_text]PROPOZYCJE ZABAW I AKTYWNO\u015aCI NA CZAS PANDEMII ZOSTAN\u0104 WYS\u0141ANE DO PRZEDSTAWICIELI POSZCZEG\u00d3LNYCH GRUP I ROZES\u0141ANE DALEJ DO RODZIC\u00d3W.<\/p>\n<p>MO\u017bNA R\u00d3WNIE\u017b SKORZYSTA\u0106 Z PROPOZYCJI PONI\u017bEJ:)<\/p>\n<h2 style=\"text-align: center;\"><span style=\"color: #8a008a;\">MO\u017bNA SKORZYSTA\u0106 Z PROPOZYCJI ZABAW, ZADA\u0143 <\/span><\/h2>\n<h2 style=\"text-align: center;\"><span style=\"color: #8a008a;\">NIEZALE\u017bNIE OD WIEKU, PAMI\u0118TAJ\u0104C O MO\u017bLIWO\u015aCIACH W\u0141ASNEGO DZIECKA.<\/span><\/h2>\n<p style=\"text-align: center;\">ten czas mo\u017cna na prawd\u0119 tw\u00f3rczo i ciekawie wykorzysta\u0107;) powodzenia!<\/p>\n<ul>\n<li style=\"color: #8a008a;\">Zacznijmy od odrobiny ruchu<\/li>\n<\/ul>\n<p>,&nbsp; kt\u00f3rego dzieciom mo\u017ce w tym czasie brakowa\u0107,<\/p>\n<h2>poniewa\u017c bardzo go potrzebuj\u0105.<\/h2>\n<h2>Je\u015bli spodoba si\u0119 taka forma aktywno\u015bci zach\u0119camy do \u0107wicze\u0144 codziennie.<\/h2>\n<p>ZUMBA KIDS &#8211; Electronic Song &#8211; Minions <a href=\"https:\/\/youtu.be\/FP0wgVhUC9w\">https:\/\/youtu.be\/FP0wgVhUC9w<\/a><\/p>\n<ul>\n<li style=\"color: #8a008a;\">Proponujemy jak najcz\u0119\u015bciej \u0107wiczy\u0107 g\u0142oskowanie.<\/li>\n<\/ul>\n<p>Polecamy spr\u00f3bowa\u0107 zabaw zamieszczonych np. tu:<\/p>\n<p><a href=\"https:\/\/panimonia.pl\/2020\/01\/20\/jak-nauczyc-dziecko-czytac\/\">https:\/\/panimonia.pl\/2020\/01\/20\/jak-nauczyc-dziecko-czytac\/<\/a><\/p>\n<ul>\n<li style=\"color: #8a008a;\">Zabawy z Pani\u0105 Moni\u0105;)&nbsp;<\/li>\n<\/ul>\n<p>Bez w\u0105tpienia poni\u017cej znajd\u0105 Pa\u0144stwo szereg interesuj\u0105cych propozycji:<\/p>\n<p><a href=\"https:\/\/panimonia.pl\/2020\/03\/16\/w-co-sie-bawic-w-domu-najlepsze-pomysly\/\">https:\/\/panimonia.pl\/2020\/03\/16\/w-co-sie-bawic-w-domu-najlepsze-pomysly\/<\/a><br \/>\n<a href=\"https:\/\/panimonia.pl\/2020\/03\/18\/zabawy-ruchowe-i-gimnastyczne-dla-przedszkolakow\/\">https:\/\/panimonia.pl\/2020\/03\/18\/zabawy-ruchowe-i-gimnastyczne-dla-przedszkolakow\/<\/a><br \/>\n<a href=\"https:\/\/panimonia.pl\/2020\/03\/16\/pandemia-w-co-sie-bawic-w-domu\/\">https:\/\/panimonia.pl\/2020\/03\/16\/pandemia-w-co-sie-bawic-w-domu\/<\/a><\/p>\n<p>Je\u015bli dzieci wykazuj\u0105 ch\u0119ci oraz dysponujecie Pa\u0144stwo drukark\u0105 mo\u017cna stworzy\u0107 domowe karty pracy i po\u0107wiczy\u0107 r\u00f3wnie\u017c pisanie.<\/p>\n<p>Aby prawid\u0142owo okre\u015bli\u0107 kierunek kre\u015blenia liter mo\u017cna podejrze\u0107 go tu:<br \/>\n<a href=\"https:\/\/panimonia.pl\/2016\/08\/02\/plansze-do-zapoznania-z-literami-pisanymi-pobierz-wydrukuj-udostepnij\/\">https:\/\/panimonia.pl\/2016\/08\/02\/plansze-do-zapoznania-z-literami-pisanymi-pobierz-wydrukuj-udostepnij\/<\/a><\/p>\n<p>i przenie\u015b\u0107 na te karty:<\/p>\n<p><a href=\"https:\/\/czasdzieci.pl\/dodruku\/id,20be5-nauka_pisania_literek.html\">https:\/\/czasdzieci.pl\/dodruku\/id,20be5-nauka_pisania_literek.html<\/a><\/p>\n<ul>\n<li style=\"color: #ff00ff;\"><span style=\"color: #8a008a;\">Wierszyki -poniewa\u017c warto po\u0107wiczy\u0107 pami\u0119\u0107:)<\/span><\/li>\n<\/ul>\n<p>&nbsp;<\/p>\n<ul>\n<li style=\"color: #8a008a;\">\u0106wiczenia logopedyczne:<\/li>\n<\/ul>\n<p><span style=\"color: #ff00ff;\"><a href=\"https:\/\/przedszkole122.edu.wroclaw.pl\/wp-content\/uploads\/sites\/38\/2020\/04\/utrwalamy-g\u0142osk\u0119-s.docx\">utrwalamy g\u0142osk\u0119 s [DOCX, 471KB]<\/a><\/span><\/p>\n<p><span style=\"color: #ff00ff;\"><a href=\"https:\/\/przedszkole122.edu.wroclaw.pl\/wp-content\/uploads\/sites\/38\/2020\/04\/gra.docx\">gra [DOCX, 357KB]<\/a><\/span><\/p>\n<p><span style=\"color: #ff00ff;\"><a href=\"https:\/\/przedszkole122.edu.wroclaw.pl\/wp-content\/uploads\/sites\/38\/2020\/03\/zaj\u0119cia-logopedyczne-tydzie\u0144-23-27.03.docx\">zaj\u0119cia logopedyczne &#8211; tydzie\u0144 23-27.03 [DOCX, 15KB]<\/a><\/span><\/p>\n<p><a href=\"https:\/\/przedszkole122.edu.wroclaw.pl\/wp-content\/uploads\/sites\/38\/2020\/03\/s\u0142once-miny-1.pdf\">s\u0142once-miny-1 [PDF, 43KB]<\/a><\/p>\n<p><a href=\"https:\/\/przedszkole122.edu.wroclaw.pl\/wp-content\/uploads\/sites\/38\/2020\/03\/slonce-miny-2.pdf\">slonce-miny-2 [PDF, 42KB]<\/a><\/p>\n<p><a href=\"https:\/\/przedszkole122.edu.wroclaw.pl\/wp-content\/uploads\/sites\/38\/2020\/03\/parasolka-cw.-oddechowe.pdf\">parasolka-cw.-oddechowe [PDF, 243KB]<\/a><\/p>\n<p><a href=\"https:\/\/przedszkole122.edu.wroclaw.pl\/wp-content\/uploads\/sites\/38\/2020\/03\/gra-logopedyczna-g\u0142oska-SZ-KOLOROWA.pdf\">gra-logopedyczna-g\u0142oska-SZ-KOLOROWA <\/a><a href=\"https:\/\/przedszkole122.edu.wroclaw.pl\/wp-content\/uploads\/sites\/38\/2020\/03\/parasolka-cw.-oddechowe.pdf\">[PDF, 1.1MB]<\/a><\/p>\n<p><a href=\"https:\/\/przedszkole122.edu.wroclaw.pl\/wp-content\/uploads\/sites\/38\/2020\/03\/bazie-dla-utrwalaj\u0105cych-sz\u017c.pdf\">bazie- dla utrwalaj\u0105cych sz,\u017c <\/a><a href=\"https:\/\/przedszkole122.edu.wroclaw.pl\/wp-content\/uploads\/sites\/38\/2020\/03\/parasolka-cw.-oddechowe.pdf\">[PDF, 194KB]<\/a><\/p>\n<p><span style=\"color: #ff00ff;\"><a href=\"https:\/\/przedszkole122.edu.wroclaw.pl\/wp-content\/uploads\/sites\/38\/2020\/03\/\u0107w.-oddechowe.pdf\">\u0107w. oddechowe <\/a><a href=\"https:\/\/przedszkole122.edu.wroclaw.pl\/wp-content\/uploads\/sites\/38\/2020\/03\/\u0107w.-oddechowe.pdf\">[PDF, 91KB]<\/a> <\/span><\/p>\n<p><span style=\"color: #ff00ff;\"><a href=\"https:\/\/przedszkole122.edu.wroclaw.pl\/wp-content\/uploads\/sites\/38\/2020\/03\/\u0107wiczenia-narz\u0105d\u00f3w-mowy.pdf\">\u0107wiczenia narz\u0105d\u00f3w mowy <\/a><a href=\"https:\/\/przedszkole122.edu.wroclaw.pl\/wp-content\/uploads\/sites\/38\/2020\/03\/\u0107w.-oddechowe.pdf\">[PDF, 382KB]<\/a><\/span><\/p>\n<p><span style=\"color: #ff00ff;\"><a href=\"https:\/\/przedszkole122.edu.wroclaw.pl\/wp-content\/uploads\/sites\/38\/2020\/03\/\u0107wiczenia-przygotowuj\u0105co-do-wymowy-r.docx\">\u0107wiczenia przygotowuj\u0105co do wymowy r [DOCX, 15KB]<\/a><\/span><\/p>\n<p><span style=\"color: #ff00ff;\"><a href=\"https:\/\/przedszkole122.edu.wroclaw.pl\/wp-content\/uploads\/sites\/38\/2020\/03\/g\u0142oski-SYCZ\u0104CE-sz-c-dz.pdf\">g\u0142oski SYCZ\u0104CE- s,z c, dz <\/a><a href=\"https:\/\/przedszkole122.edu.wroclaw.pl\/wp-content\/uploads\/sites\/38\/2020\/03\/\u0107w.-oddechowe.pdf\">[PDF, 2.7MB]<\/a><\/span><\/p>\n<p><span style=\"color: #ff00ff;\"><a href=\"https:\/\/przedszkole122.edu.wroclaw.pl\/wp-content\/uploads\/sites\/38\/2020\/03\/g\u0142oski-szumi\u0105ce-sz\u017cczd\u017c.pdf\">g\u0142oski szumi\u0105ce sz,\u017c,cz,d\u017c <\/a><a href=\"https:\/\/przedszkole122.edu.wroclaw.pl\/wp-content\/uploads\/sites\/38\/2020\/03\/\u0107w.-oddechowe.pdf\">[PDF, 229KB]<\/a><\/span><\/p>\n<p><span style=\"color: #ff00ff;\"><a href=\"https:\/\/przedszkole122.edu.wroclaw.pl\/wp-content\/uploads\/sites\/38\/2020\/03\/R\u00d3\u017bNICOWANIE-dla-starszak\u00f3w.pdf\">R\u00d3\u017bNICOWANIE dla starszak\u00f3w <\/a><a href=\"https:\/\/przedszkole122.edu.wroclaw.pl\/wp-content\/uploads\/sites\/38\/2020\/03\/\u0107w.-oddechowe.pdf\">[PDF, 1.7MB]<\/a><\/span><\/p>\n<p><span style=\"color: #ff00ff;\"><a href=\"https:\/\/przedszkole122.edu.wroclaw.pl\/wp-content\/uploads\/sites\/38\/2020\/03\/wierszyk-g\u0142oski-sz-\u017c-cz-d\u017c.pdf\">wierszyk- g\u0142oski sz, \u017c, cz, d\u017c <\/a><a href=\"https:\/\/przedszkole122.edu.wroclaw.pl\/wp-content\/uploads\/sites\/38\/2020\/03\/\u0107w.-oddechowe.pdf\">[PDF, 1.2MB]<\/a><\/span><\/p>\n<p><span style=\"color: #ff00ff;\"><a href=\"https:\/\/przedszkole122.edu.wroclaw.pl\/wp-content\/uploads\/sites\/38\/2020\/04\/\u0142\u0105czcie-w-pary-g\u0142oski-szumi\u0105ce-SZ.pdf\">\u0142\u0105czcie w pary- g\u0142oski szumi\u0105ce- SZ <\/a><a href=\"https:\/\/przedszkole122.edu.wroclaw.pl\/wp-content\/uploads\/sites\/38\/2020\/03\/\u0107w.-oddechowe.pdf\">[PDF, 254KB]<\/a><\/span><\/p>\n<p><a href=\"https:\/\/przedszkole122.edu.wroclaw.pl\/wp-content\/uploads\/sites\/38\/2020\/04\/g\u0142oski-sycz\u0105ce-Z.pdf\">g\u0142oski sycz\u0105ce -Z <\/a><a href=\"https:\/\/przedszkole122.edu.wroclaw.pl\/wp-content\/uploads\/sites\/38\/2020\/03\/\u0107w.-oddechowe.pdf\">[PDF, 1.5MB]<\/a><\/p>\n<p><a href=\"https:\/\/przedszkole122.edu.wroclaw.pl\/wp-content\/uploads\/sites\/38\/2020\/04\/biedronka-\u0107wiczenia-oddechowe.pdf\">biedronka- \u0107wiczenia oddechowe <\/a><a href=\"https:\/\/przedszkole122.edu.wroclaw.pl\/wp-content\/uploads\/sites\/38\/2020\/03\/\u0107w.-oddechowe.pdf\">[PDF, 78KB]<\/a><\/p>\n<p><a href=\"https:\/\/przedszkole122.edu.wroclaw.pl\/wp-content\/uploads\/sites\/38\/2020\/04\/artykulacyjna-gra-planszowa.pdf\">artykulacyjna gra planszowa <\/a><a href=\"https:\/\/przedszkole122.edu.wroclaw.pl\/wp-content\/uploads\/sites\/38\/2020\/03\/\u0107w.-oddechowe.pdf\">[PDF, 11.7MB]<\/a><\/p>\n<p><span style=\"color: #ff00ff;\"><a href=\"https:\/\/przedszkole122.edu.wroclaw.pl\/wp-content\/uploads\/sites\/38\/2020\/04\/\u0106WICZENIA-LOGOPEDYCZNE-NA-TYDZIE\u0143-14-17.04.docx\">\u0106WICZENIA LOGOPEDYCZNE NA TYDZIE\u0143 14-17.04 [DOCX, 15KB]<\/a><\/span><\/p>\n<p><span style=\"color: #ff00ff;\"><a href=\"https:\/\/przedszkole122.edu.wroclaw.pl\/wp-content\/uploads\/sites\/38\/2020\/05\/zaj\u0119cia-logopedyczne-na-tydzie\u0144-4.05-8.05.docx\">zaj\u0119cia logopedyczne na tydzie\u0144 4.05-8.05 [DOCX, 15KB]<\/a><\/span><\/p>\n<ul>\n<li style=\"color: #8a008a;\">Kodowanie:<\/li>\n<\/ul>\n<p><a href=\"https:\/\/przedszkole122.edu.wroclaw.pl\/wp-content\/uploads\/sites\/38\/2020\/03\/sercduszkowe-kodowanie.pdf\">sercduszkowe-kodowanie <\/a><a href=\"https:\/\/przedszkole122.edu.wroclaw.pl\/wp-content\/uploads\/sites\/38\/2020\/03\/\u0107w.-oddechowe.pdf\">[PDF, 194KB]<\/a><\/p>\n<p><a href=\"https:\/\/www.facebook.com\/pg\/edusense\/posts\/\">https:\/\/www.facebook.com\/pg\/edusense\/posts\/<\/a><\/p>\n<ul>\n<li style=\"color: #8a008a;\">Zabawy matematyczne:<\/li>\n<\/ul>\n<p>Godny uwagi jest r\u00f3wnie\u017c : projekt #20minutdlamatematyki<\/p>\n<p><a href=\"https:\/\/blizejprzedszkola.pl\/20minutdlamatematyki\/o-projekcie\">https:\/\/blizejprzedszkola.pl\/20minutdlamatematyki\/o-projekcie<\/a>&nbsp;<\/p>\n<ul>\n<li style=\"color: #8a008a;\">Zabawa w wycinanie:<\/li>\n<\/ul>\n<p>a)Wycinanie po linii.<br \/>\nRodzic rysuje na kartce linie- prost\u0105, falist\u0105, zygzaki, ko\u0142o, a dziecko wycina po \u015bladzie.<\/p>\n<p>b) Podobnie Wycinanie z kolorowej gazety, np. gazetki z marketu, wybranych obrazk\u00f3w i stworzenie ilustracji tematycznej (np. ulubione owoce, \u2026).<\/p>\n<ul>\n<li style=\"color: #8a008a;\">Rysowanie po \u015bladzie.<\/li>\n<\/ul>\n<p>Rodzic rysuje dziecku r\u00f3\u017cne wzory kropkami, a dziecko poprawia o\u0142\u00f3wkiem lub kredk\u0105 po kropkach.<\/p>\n<ul>\n<li style=\"color: #8a008a;\">Sadzimy ro\u015blinki<\/li>\n<\/ul>\n<p>Bez w\u0105tpienia wsp\u00f3lna zabawa w sadzenie ro\u015blinek mo\u017ce by\u0107 interesuj\u0105ca dla dziecka i rodzica. Dziecko mo\u017ce obserwowa\u0107 rozw\u00f3j i wzrost ro\u015blin posadzonych w\u0142asnor\u0119cznie. Mo\u017cna posia\u0107 owies, rze\u017cuch\u0119, fasol\u0119, groch, cebul\u0119.<\/p>\n<ul>\n<li style=\"color: #8a008a;\">Zabawka z recyklingu.<\/li>\n<\/ul>\n<p>Dziecko z pomoc\u0105 rodzica wymy\u015bla i tworzy zabawk\u0119 z plastikowych butelek, rolek po r\u0119cznikach papierowych, nakr\u0119tek, puszek po Napokach itp<\/p>\n<ul>\n<li style=\"color: #8a008a;\">Powt\u00f3rki z j\u0119zyka angielskiego<\/li>\n<\/ul>\n<p>&nbsp;<\/p>\n<div style=\"width: 1280px;\" class=\"wp-video\"><video class=\"wp-video-shortcode\" id=\"video-36-1\" width=\"1280\" height=\"720\" preload=\"metadata\" controls=\"controls\"><source type=\"video\/mp4\" src=\"https:\/\/przedszkole122.edu.wroclaw.pl\/wp-content\/uploads\/sites\/38\/2020\/03\/Lets-Go-To-The-Zoo-Animal-Song-for-Kids.mp4?_=1\" \/><a href=\"https:\/\/przedszkole122.edu.wroclaw.pl\/wp-content\/uploads\/sites\/38\/2020\/03\/Lets-Go-To-The-Zoo-Animal-Song-for-Kids.mp4\">https:\/\/przedszkole122.edu.wroclaw.pl\/wp-content\/uploads\/sites\/38\/2020\/03\/Lets-Go-To-The-Zoo-Animal-Song-for-Kids.mp4<\/a><\/video><\/div>\n<ol>\n<li style=\"list-style-type: none;\">\n<ol>\n<li style=\"color: #8a008a;\">I co\u015b na uspokojenie&#8230;<\/li>\n<\/ol>\n<\/li>\n<\/ol>\n<p>A poza tym&#8230;<\/p>\n<p><img loading=\"lazy\" decoding=\"async\" class=\"wp-image-839 aligncenter\" src=\"https:\/\/przedszkole122.edu.wroclaw.pl\/wp-content\/uploads\/sites\/38\/2020\/03\/indeks.png\" alt=\"\" width=\"189\" height=\"267\"><\/p>\n<p>i pami\u0119tajmy o myciu r\u0105k&#8230;<\/p>\n<p><img loading=\"lazy\" decoding=\"async\" class=\"wp-image-841 aligncenter\" src=\"https:\/\/przedszkole122.edu.wroclaw.pl\/wp-content\/uploads\/sites\/38\/2020\/03\/comment_1583753457q7BcCeXfwm5Cn3u7axnKarw400-208x300.jpg\" alt=\"\" width=\"208\" height=\"300\" srcset=\"https:\/\/przedszkole122.edu.wroclaw.pl\/wp-content\/uploads\/sites\/38\/2020\/03\/comment_1583753457q7BcCeXfwm5Cn3u7axnKarw400-208x300.jpg 208w, https:\/\/przedszkole122.edu.wroclaw.pl\/wp-content\/uploads\/sites\/38\/2020\/03\/comment_1583753457q7BcCeXfwm5Cn3u7axnKarw400.jpg 400w\" sizes=\"auto, (max-width: 208px) 100vw, 208px\" \/><\/p>\n<p>&nbsp;<\/p>\n<p>Na koniec Wydawnictwo <span style=\"color: #8a008a;\">MAC<\/span> oferuje mo\u017cliwo\u015b\u0107 za\u0142o\u017cenia&nbsp; konta na stronie www.mac.pl i bezp\u0142atnie korzysta\u0107.<\/p>\n<p><strong>Link do piosenek:<\/strong><\/p>\n<p><a href=\"https:\/\/www.mac.pl\/edukacja-przedszkolna\/piosenki\" data-saferedirecturl=\"https:\/\/zasobygwp.pl\/redirect?sig=2497ce3d6b26f98b60b0211bbb63ff7aa4229d98a79ad723b13338ef8130912e&amp;url=aHR0cHM6Ly93d3cubWFjLnBsL2VkdWthY2phLXByemVkc3prb2xuYS9waW9zZW5raQ==&amp;platform=desktop&amp;brand=o2\">https:\/\/www.mac.pl\/edukacja-przedszkolna\/piosenki<\/a><\/p>\n<p><strong>Link do rejestracji:<\/strong><\/p>\n<p><a href=\"https:\/\/www.mac.pl\/register\" data-saferedirecturl=\"https:\/\/zasobygwp.pl\/redirect?sig=ecb0e4164be4a5d82e623fd42b35b2a14a72ee4f6b068a4fe9b09eee121d0f22&amp;url=aHR0cHM6Ly93d3cubWFjLnBsL3JlZ2lzdGVy&amp;platform=desktop&amp;brand=o2\">https:\/\/www.mac.pl\/register<\/a><\/p>\n<p>z paska profilu prosz\u0119 wybiera\u0107 opcj\u0119 \u201erodzic\u201d i dalej wprowadza\u0107 dane wg wytycznych, na podany w trakcie rejestracji adres mailowy przyjdzie pro\u015bba o aktywacj\u0119 konta, wystarczy klikn\u0105\u0107 w otrzymany link i konto jest aktywne.<\/p>\n<p><a href=\"https:\/\/www.mac.pl\/flipbooki\" data-saferedirecturl=\"https:\/\/zasobygwp.pl\/redirect?sig=9f5399e64159b4f040d8517e8fd72ba62e7005c9b5c15e94c508dfa566bea2cb&amp;url=aHR0cHM6Ly93d3cubWFjLnBsL2ZsaXBib29raQ==&amp;platform=desktop&amp;brand=o2\">https:\/\/www.mac.pl\/flipbooki<\/a><\/p>\n<p>link do kart pracy do wydruku dla rodzic\u00f3w<\/p>\n<p>Podsumowuj\u0105c- warto po\u015bwi\u0119ci\u0107 chwilk\u0119 na wsp\u00f3ln\u0105 zabaw\u0119 i sp\u0119dzi\u0107 troch\u0119 czasu z dzieckiem<\/p>\n<p>Zapraszamy:)[\/vc_column_text][\/vc_column][\/vc_row][vc_row][vc_column][vc_column_text][\/vc_column_text][\/vc_column][\/vc_row][vc_row][vc_column][vc_column_text css_animation=&#8221;bounceInLeft&#8221;][vc_row][vc_column width=&#8221;1\/1&#8243;][vc_column_text]<\/p>\n<p><strong><em>&nbsp;&nbsp;&nbsp;&nbsp;&nbsp;&nbsp;&nbsp;&nbsp;&nbsp;&nbsp;&nbsp;&nbsp;&nbsp;&nbsp;&nbsp;&nbsp;&nbsp;&nbsp;&nbsp;&nbsp;&nbsp;&nbsp;&nbsp;&nbsp;&nbsp;&nbsp;&nbsp;&nbsp;&nbsp;&nbsp;&nbsp;&nbsp;&nbsp;&nbsp;&nbsp;&nbsp;&nbsp;&nbsp;&nbsp;&nbsp;&nbsp;&nbsp;&nbsp;&nbsp;&nbsp;&nbsp;&nbsp;&nbsp;&nbsp;<\/em><\/strong>[\/vc_column_text][\/vc_column][\/vc_row]<\/p>\n<\/div>","protected":false},"excerpt":{"rendered":"<p>[vc_row][vc_column][vc_column_text]PROPOZYCJE ZABAW I AKTYWNO\u015aCI NA CZAS PANDEMII ZOSTAN\u0104 WYS\u0141ANE DO PRZEDSTAWICIELI POSZCZEG\u00d3LNYCH GRUP I ROZES\u0141ANE DALEJ DO RODZIC\u00d3W. MO\u017bNA R\u00d3WNIE\u017b SKORZYSTA\u0106 Z PROPOZYCJI PONI\u017bEJ:) MO\u017bNA SKORZYSTA\u0106 Z PROPOZYCJI ZABAW, ZADA\u0143 [&hellip;]<\/p>\n","protected":false},"author":72,"featured_media":0,"parent":32,"menu_order":0,"comment_status":"closed","ping_status":"closed","template":"","meta":{"ngg_post_thumbnail":0,"footnotes":""},"class_list":["post-36","page","type-page","status-publish","hentry","clearfix"],"_links":{"self":[{"href":"https:\/\/przedszkole122.edu.wroclaw.pl\/index.php\/wp-json\/wp\/v2\/pages\/36","targetHints":{"allow":["GET"]}}],"collection":[{"href":"https:\/\/przedszkole122.edu.wroclaw.pl\/index.php\/wp-json\/wp\/v2\/pages"}],"about":[{"href":"https:\/\/przedszkole122.edu.wroclaw.pl\/index.php\/wp-json\/wp\/v2\/types\/page"}],"author":[{"embeddable":true,"href":"https:\/\/przedszkole122.edu.wroclaw.pl\/index.php\/wp-json\/wp\/v2\/users\/72"}],"replies":[{"embeddable":true,"href":"https:\/\/przedszkole122.edu.wroclaw.pl\/index.php\/wp-json\/wp\/v2\/comments?post=36"}],"version-history":[{"count":120,"href":"https:\/\/przedszkole122.edu.wroclaw.pl\/index.php\/wp-json\/wp\/v2\/pages\/36\/revisions"}],"predecessor-version":[{"id":2058,"href":"https:\/\/przedszkole122.edu.wroclaw.pl\/index.php\/wp-json\/wp\/v2\/pages\/36\/revisions\/2058"}],"up":[{"embeddable":true,"href":"https:\/\/przedszkole122.edu.wroclaw.pl\/index.php\/wp-json\/wp\/v2\/pages\/32"}],"wp:attachment":[{"href":"https:\/\/przedszkole122.edu.wroclaw.pl\/index.php\/wp-json\/wp\/v2\/media?parent=36"}],"curies":[{"name":"wp","href":"https:\/\/api.w.org\/{rel}","templated":true}]}}