
{"id":53,"date":"2018-07-09T15:10:27","date_gmt":"2018-07-09T13:10:27","guid":{"rendered":"https:\/\/przedszkole122.edu.wroclaw.pl\/?page_id=53"},"modified":"2024-06-20T13:04:42","modified_gmt":"2024-06-20T11:04:42","slug":"o-nas","status":"publish","type":"page","link":"https:\/\/przedszkole122.edu.wroclaw.pl\/index.php\/strefa-przedszkola\/o-nas\/","title":{"rendered":"O nas"},"content":{"rendered":"<div class=\"wpb-content-wrapper\"><p>[vc_row][vc_column][vc_column_text]<\/p>\n<h2 style=\"text-align: center;\">Witamy w WESO\u0141EJ GROMADCE,<\/h2>\n<h2 style=\"text-align: center;\">Przedszkolu nr 122 we Wroc\u0142awiu.<\/h2>\n<p>[\/vc_column_text][vc_empty_space][\/vc_column][\/vc_row][vc_row][vc_column][vc_column_text css_animation=&#8221;bounceInLeft&#8221;]<img loading=\"lazy\" decoding=\"async\" class=\"size-medium wp-image-375 aligncenter\" src=\"https:\/\/przedszkole122.edu.wroclaw.pl\/wp-content\/uploads\/sites\/38\/2019\/02\/IMG_20190208_094444186_HDR.jpg\" alt=\"\" width=\"250\" height=\"177\"><\/p>\n<h2 style=\"text-align: center;\">Strategi\u0105 rozwoju plac\u00f3wki jest zapewnienie ci\u0105g\u0142ego rozwoju i doskonalenie jako\u015bci pracy, kszta\u0142towanie pozytywnego wizerunku plac\u00f3wki w \u015brodowisku, stworzenie przedszkola otwartego na oczekiwania i potrzeby dzieci i rodzic\u00f3w.<\/h2>\n<p>[\/vc_column_text][vc_empty_space][\/vc_column][\/vc_row][vc_row][vc_column][vc_column_text css_animation=&#8221;bounceInRight&#8221;]Misj\u0105 Weso\u0142ej Gromadki jest zapewnienie ka\u017cdemu dziecku wszechstronnego rozwoju jego talent\u00f3w i zdolno\u015bci, bez nacisk\u00f3w, przymusu, a poprzez rozbudzanie jego ciekawo\u015bci i zaspokojenie naturalnej potrzeby poznawania otaczaj\u0105cego \u015bwiata.[\/vc_column_text][vc_empty_space][\/vc_column][\/vc_row][vc_row][vc_column][vc_column_text]Mocne strony Przedszkola to:<\/p>\n<ul>\n<li>Atrakcyjna oferta edukacyjna<\/li>\n<li>Szeroki wachlarz imprez, uroczysto\u015bci i wycieczek<\/li>\n<li>Udzia\u0142 w konkursach i akcjach na skale og\u00f3lnopolsk\u0105<\/li>\n<li>Wysoki poziom pracy dydaktyczno-wychowawczej<\/li>\n<li>Dobra atmosfera i klimat przedszkola<\/li>\n<li>Wysokie kwalifikacje i ustawiczne doskonalenie nauczycieli<\/li>\n<li>Szeroka wsp\u00f3\u0142praca ze \u015brodowiskiem lokalnym: instytucjami o\u015bwiatowymi i spo\u0142ecznymi<\/li>\n<li>Prowadzenie w\u0142asnej strony internetowej<\/li>\n<li>Wysoki poziom zadowolenia rodzic\u00f3w- powodzenie plac\u00f3wki w \u015brodowisku.<\/li>\n<\/ul>\n<p>[\/vc_column_text][\/vc_column][\/vc_row][vc_row][vc_column][vc_empty_space][\/vc_column][\/vc_row][vc_row][vc_column][vc_column_text]To my \u2013 \u015amieszki, Humorki, Weso\u0142ki, U\u015bmieszki i Chichotki.<\/p>\n<h2 style=\"text-align: center;\">Witamy w Weso\u0142ej Gromadce \u2013 Przedszkolu nr 122, kt\u00f3re mie\u015bci si\u0119 przy ulicy K\u0142odnickiej 23.<\/h2>\n<h2>Budynek<\/h2>\n<p>To budynek wolnostoj\u0105cy, parterowy, typu szwedzkiego, otoczony du\u017cym terenem zielonym &#8211; ogrodem, z wytyczonym placem zabaw dla dzieci, kt\u00f3ry podzielony jest na &#8222;boksy&#8221;. Plac zabaw dysponuje bezpiecznym sprz\u0119tem jordanowskim, zabawowymi urz\u0105dzeniami drewnianymi, piaskownic\u0105 oraz \u015bcie\u017ckami edukacyjnymi.. Plac zabaw to 3081m2. Przedszkole jest plac\u00f3wk\u0105 5 oddzia\u0142ow\u0105, Sk\u0142ada si\u0119 z pi\u0119ciu sal dydaktycznych z przylegaj\u0105cymi \u0142azienkami, sal\u0105 logopedyczn\u0105 oraz osobnej szatni dla ka\u017cdej grupy wiekowej.<\/p>\n<h2>Posi\u0142ki<\/h2>\n<p>Ponadto przedszkole posiada nowoczesne zaplecze kuchenne i gospodarcze. S\u0105 trzy posi\u0142ki dziennie &#8211; \u015bniadanie &#8211; 9.00, II \u015bniadanie &#8211; 11.00 i obiad, kt\u00f3ry jest czasowo podzielony &#8211; zupa -12.00 i drugie danie &#8211; 14.00. Plac\u00f3wka czynna jest w godzinach od 6.30 do 17.00.<\/p>\n<h2>Dydaktyka<\/h2>\n<p>Kierunek dydaktycznej dzia\u0142alno\u015bci Weso\u0142ej Gromadki to profil artystyczny. Pracujemy zgodnie z now\u0105 podstaw\u0105 programow\u0105, wykorzystuj\u0105c w pracy dydaktyczno-wychowawczej i opieku\u0144czej zar\u00f3wno programy zewn\u0119trzne, jak i w\u0142asne &#8211; autorskie: Przedszkolak mieszka\u0144cem Europy, Ca\u0142y Wroc\u0142aw czyta dzieciom, Zdrowy przedszkolak, Jestem bezpieczny &#8211; program adaptacyjny, Ma\u0142y Artysta, Ma\u0142y rowerzysta, Sport to zdrowie. Do pracy z dzie\u0107mi wprowadzamy elementy pedagogiki M. Montessorii, \u201eDobrego Startu, kinezjologii edukacyjnej, pi\u0142ki edukacyjne &#8211; EDUBAL, ruchu rozwijaj\u0105cego W. Sherbone. Przedszkole oferuje dzieciom bogat\u0105 ofert\u0119 pedagogiczn\u0105. Niezmiennie prowadzimy imprezy cykliczne tj. spotkania z muzyk\u0105 &#8211; koncerty Dziadka Bacha, spektakle teatrzyku ART-RE, KROPA, wycieczki plenerowe, wyj\u015bcia do kina, teatru, sali zabaw, Humanitarium, muze\u00f3w, manufaktur np. produkcja s\u0142odyczy i inne uroczysto\u015bci i imprezy wynikaj\u0105ce z kalendarza Rocznego Planu Pracy dydaktyczno &#8211; wychowawczej przedszkola. W przedszkolu odbywaj\u0105 si\u0119 bezp\u0142atne zaj\u0119cia dodatkowe. S\u0105 to: logopedia, religia, gimnastyka korekcyjna, nauka j\u0119zyka angielskiego, francuskiego, warsztaty teatralne, zaj\u0119cia na lodowisku &#8211; \u0142y\u017cwy, zaj\u0119cia ruchowe i umuzykalniaj\u0105ce.<\/p>\n<h2>Wsp\u00f3\u0142praca<\/h2>\n<p>Tradycj\u0105 Weso\u0142ej Gromadki jest wieloletnia wsp\u00f3\u0142praca z Policj\u0105, S\u0142u\u017cb\u0105 Zdrowia m.in. Szpital ul. Koszarowa, poradnie: okulistyczna, stomatologiczna, otolaryngologiczna i ortopedyczna, ponadto ze&nbsp; Stra\u017c\u0105 Miejsk\u0105, Bibliotek\u0105, Schroniskiem dla zwierz\u0105t, WCDN i innymi zak\u0142adami doskonalenia nauczycieli, Domem Spokojnej Staro\u015bci, Przedszkolem nr 113 i 110, Szko\u0142\u0105 Podstawow\u0105 nr 65 i 118, Szko\u0142\u0105 Muzyczn\u0105, Zespo\u0142em Szk\u00f3\u0142 nr 25, gimnazjami oraz uczelniami wy\u017cszymi pedagogicznymi, Uniwersytetem Wroc\u0142awskim, Ekonomicznym i Medycznym.<\/p>\n<h2>Kadra<\/h2>\n<p>Kadra pedagogiczna przedszkola posiada pe\u0142ne kwalifikacje z wykszta\u0142ceniem wy\u017cszym pedagogicznym. Dzieci w Weso\u0142ej Gromadce sp\u0119dzaj\u0105 czas aktywnie i tw\u00f3rczo. Zar\u00f3wno na terenie przedszkola, a cz\u0119sto poza nim organizujemy szereg atrakcji, uroczysto\u015bci, imprez. Bierzemy udzia\u0142 w wielu konkursach i jeste\u015bmy nagradzani. Bierzemy czynny udzia\u0142 w wielu akcjach charytatywnych: G\u00f3ra grosza, Nakr\u0119tka, Sprz\u0105tanie \u015bwiata, Szko\u0142y nadziei, pomoc dla zwierz\u0105t.<\/p>\n<h2>W Weso\u0142ej Gromadce si\u0119 nie nudzimy.<\/h2>\n<p>Na koniec &#8230; Grupy w naszym przedszkolu w 100% s\u0105 ca\u0142odzienne. Obiekt dozorowany jest monitoringiem bez wizyjnym &#8222;JUVENTUS&#8221;.[\/vc_column_text][\/vc_column][\/vc_row][vc_row][vc_column][vc_column_text]&nbsp;<br \/>\n<img loading=\"lazy\" decoding=\"async\" class=\"size-full wp-image-374 aligncenter\" src=\"https:\/\/przedszkole122.edu.wroclaw.pl\/wp-content\/uploads\/sites\/38\/2019\/02\/12480627485.jpg\" alt=\"budynek\" width=\"185\" height=\"138\">[\/vc_column_text][\/vc_column][\/vc_row]<\/p>\n<\/div>","protected":false},"excerpt":{"rendered":"<p>[vc_row][vc_column][vc_column_text] Witamy w WESO\u0141EJ GROMADCE, Przedszkolu nr 122 we Wroc\u0142awiu. [\/vc_column_text][vc_empty_space][\/vc_column][\/vc_row][vc_row][vc_column][vc_column_text css_animation=&#8221;bounceInLeft&#8221;] Strategi\u0105 rozwoju plac\u00f3wki jest zapewnienie ci\u0105g\u0142ego rozwoju i doskonalenie jako\u015bci pracy, kszta\u0142towanie pozytywnego wizerunku plac\u00f3wki w \u015brodowisku, stworzenie [&hellip;]<\/p>\n","protected":false},"author":72,"featured_media":0,"parent":50,"menu_order":0,"comment_status":"closed","ping_status":"closed","template":"","meta":{"ngg_post_thumbnail":0,"footnotes":""},"class_list":["post-53","page","type-page","status-publish","hentry","clearfix"],"_links":{"self":[{"href":"https:\/\/przedszkole122.edu.wroclaw.pl\/index.php\/wp-json\/wp\/v2\/pages\/53","targetHints":{"allow":["GET"]}}],"collection":[{"href":"https:\/\/przedszkole122.edu.wroclaw.pl\/index.php\/wp-json\/wp\/v2\/pages"}],"about":[{"href":"https:\/\/przedszkole122.edu.wroclaw.pl\/index.php\/wp-json\/wp\/v2\/types\/page"}],"author":[{"embeddable":true,"href":"https:\/\/przedszkole122.edu.wroclaw.pl\/index.php\/wp-json\/wp\/v2\/users\/72"}],"replies":[{"embeddable":true,"href":"https:\/\/przedszkole122.edu.wroclaw.pl\/index.php\/wp-json\/wp\/v2\/comments?post=53"}],"version-history":[{"count":23,"href":"https:\/\/przedszkole122.edu.wroclaw.pl\/index.php\/wp-json\/wp\/v2\/pages\/53\/revisions"}],"predecessor-version":[{"id":2025,"href":"https:\/\/przedszkole122.edu.wroclaw.pl\/index.php\/wp-json\/wp\/v2\/pages\/53\/revisions\/2025"}],"up":[{"embeddable":true,"href":"https:\/\/przedszkole122.edu.wroclaw.pl\/index.php\/wp-json\/wp\/v2\/pages\/50"}],"wp:attachment":[{"href":"https:\/\/przedszkole122.edu.wroclaw.pl\/index.php\/wp-json\/wp\/v2\/media?parent=53"}],"curies":[{"name":"wp","href":"https:\/\/api.w.org\/{rel}","templated":true}]}}